{"id":7341,"date":"2024-02-14T14:05:17","date_gmt":"2024-02-14T13:05:17","guid":{"rendered":"https:\/\/tafzi.eu\/?post_type=product&#038;p=7341"},"modified":"2025-12-01T14:41:46","modified_gmt":"2025-12-01T13:41:46","slug":"patate-douce","status":"publish","type":"product","link":"https:\/\/tafzi.eu\/index.php\/product\/patate-douce\/","title":{"rendered":"patate douce"},"content":{"rendered":"<p>D\u00e9couvrez la douceur velout\u00e9e de nos patates douces, cultiv\u00e9es avec soin pour une exp\u00e9rience gustative exceptionnelle. Chaque bouch\u00e9e offre une texture tendre et une saveur sucr\u00e9e, ajoutant une touche chaleureuse \u00e0 vos plats. Symboles de la saison, nos patates douces de qualit\u00e9 sup\u00e9rieure sont une invitation \u00e0 la cuisine gourmande et nutritive. Plongez dans une exp\u00e9rience culinaire vibrante et savourez la fra\u00eecheur naturelle de nos patates douces, un ingr\u00e9dient polyvalent pour des cr\u00e9ations culinaires d\u00e9licieusement sucr\u00e9es.<\/p>\n","protected":false},"excerpt":{"rendered":"<p>D\u00e9couvrez la douceur velout\u00e9e de nos patates douces, cultiv\u00e9es avec soin pour une exp\u00e9rience gustative exceptionnelle. Chaque bouch\u00e9e offre une texture tendre et une saveur sucr\u00e9e, ajoutant une touche chaleureuse \u00e0 vos plats. Symboles de la saison, nos patates douces de qualit\u00e9 sup\u00e9rieure sont une invitation \u00e0 la cuisine gourmande et nutritive. Plongez dans une [&hellip;]<\/p>\n","protected":false},"featured_media":7342,"template":"","meta":{"inline_featured_image":false,"_themeisle_gutenberg_block_has_review":false},"product_cat":[148],"product_tag":[],"class_list":{"0":"post-7341","1":"product","2":"type-product","3":"status-publish","4":"has-post-thumbnail","6":"product_cat-freshio-category-3","8":"first","9":"instock","10":"shipping-taxable","11":"purchasable","12":"product-type-simple"},"_links":{"self":[{"href":"https:\/\/tafzi.eu\/index.php\/wp-json\/wp\/v2\/product\/7341","targetHints":{"allow":["GET"]}}],"collection":[{"href":"https:\/\/tafzi.eu\/index.php\/wp-json\/wp\/v2\/product"}],"about":[{"href":"https:\/\/tafzi.eu\/index.php\/wp-json\/wp\/v2\/types\/product"}],"wp:featuredmedia":[{"embeddable":true,"href":"https:\/\/tafzi.eu\/index.php\/wp-json\/wp\/v2\/media\/7342"}],"wp:attachment":[{"href":"https:\/\/tafzi.eu\/index.php\/wp-json\/wp\/v2\/media?parent=7341"}],"wp:term":[{"taxonomy":"product_cat","embeddable":true,"href":"https:\/\/tafzi.eu\/index.php\/wp-json\/wp\/v2\/product_cat?post=7341"},{"taxonomy":"product_tag","embeddable":true,"href":"https:\/\/tafzi.eu\/index.php\/wp-json\/wp\/v2\/product_tag?post=7341"}],"curies":[{"name":"wp","href":"https:\/\/api.w.org\/{rel}","templated":true}]}}