{"id":7316,"date":"2024-02-14T13:46:17","date_gmt":"2024-02-14T12:46:17","guid":{"rendered":"https:\/\/tafzi.eu\/?post_type=product&#038;p=7316"},"modified":"2025-12-01T14:43:42","modified_gmt":"2025-12-01T13:43:42","slug":"aubergine","status":"publish","type":"product","link":"https:\/\/tafzi.eu\/index.php\/product\/aubergine\/","title":{"rendered":"Aubergine"},"content":{"rendered":"<p>D\u00e9couvrez la richesse velout\u00e9e de nos aubergines, cultiv\u00e9es avec soin pour une exp\u00e9rience gustative exceptionnelle. Chaque tranche offre une texture tendre et une saveur d\u00e9licieusement subtile. Symbole de l&#8217;\u00e9t\u00e9, nos aubergines de qualit\u00e9 sup\u00e9rieure sont une invitation \u00e0 l&#8217;exploration culinaire. Plongez dans une exp\u00e9rience gourmande et savourez la versatilit\u00e9 naturelle de nos aubergines, un ajout parfait \u00e0 vos cr\u00e9ations culinaires cr\u00e9atives.<\/p>\n","protected":false},"excerpt":{"rendered":"<p>D\u00e9couvrez la richesse velout\u00e9e de nos aubergines, cultiv\u00e9es avec soin pour une exp\u00e9rience gustative exceptionnelle. Chaque tranche offre une texture tendre et une saveur d\u00e9licieusement subtile. Symbole de l&#8217;\u00e9t\u00e9, nos aubergines de qualit\u00e9 sup\u00e9rieure sont une invitation \u00e0 l&#8217;exploration culinaire. Plongez dans une exp\u00e9rience gourmande et savourez la versatilit\u00e9 naturelle de nos aubergines, un ajout [&hellip;]<\/p>\n","protected":false},"featured_media":7317,"template":"","meta":{"inline_featured_image":false,"_themeisle_gutenberg_block_has_review":false},"product_cat":[148],"product_tag":[],"class_list":{"0":"post-7316","1":"product","2":"type-product","3":"status-publish","4":"has-post-thumbnail","6":"product_cat-freshio-category-3","8":"first","9":"instock","10":"shipping-taxable","11":"purchasable","12":"product-type-simple"},"_links":{"self":[{"href":"https:\/\/tafzi.eu\/index.php\/wp-json\/wp\/v2\/product\/7316","targetHints":{"allow":["GET"]}}],"collection":[{"href":"https:\/\/tafzi.eu\/index.php\/wp-json\/wp\/v2\/product"}],"about":[{"href":"https:\/\/tafzi.eu\/index.php\/wp-json\/wp\/v2\/types\/product"}],"wp:featuredmedia":[{"embeddable":true,"href":"https:\/\/tafzi.eu\/index.php\/wp-json\/wp\/v2\/media\/7317"}],"wp:attachment":[{"href":"https:\/\/tafzi.eu\/index.php\/wp-json\/wp\/v2\/media?parent=7316"}],"wp:term":[{"taxonomy":"product_cat","embeddable":true,"href":"https:\/\/tafzi.eu\/index.php\/wp-json\/wp\/v2\/product_cat?post=7316"},{"taxonomy":"product_tag","embeddable":true,"href":"https:\/\/tafzi.eu\/index.php\/wp-json\/wp\/v2\/product_tag?post=7316"}],"curies":[{"name":"wp","href":"https:\/\/api.w.org\/{rel}","templated":true}]}}