{"id":7259,"date":"2024-02-14T11:53:30","date_gmt":"2024-02-14T10:53:30","guid":{"rendered":"https:\/\/tafzi.eu\/?post_type=product&#038;p=7259"},"modified":"2025-12-01T14:45:51","modified_gmt":"2025-12-01T13:45:51","slug":"melon","status":"publish","type":"product","link":"https:\/\/tafzi.eu\/index.php\/product\/melon\/","title":{"rendered":"Melon"},"content":{"rendered":"<p>Plongez dans la saison estivale avec la suavit\u00e9 rafra\u00eechissante de nos melons. Cultiv\u00e9s pour atteindre la perfection sucr\u00e9e, chaque tranche est une explosion de saveurs juteuses et d\u00e9lectables. Symbole de l&#8217;\u00e9t\u00e9 et de la fra\u00eecheur, nos melons sont une exp\u00e9rience gustative incontournable. Offrez-vous un moment de douceur avec nos melons de qualit\u00e9, r\u00e9v\u00e9lateurs du go\u00fbt exquis de la saison en chaque bouch\u00e9e.<\/p>\n","protected":false},"excerpt":{"rendered":"<p>Plongez dans la saison estivale avec la suavit\u00e9 rafra\u00eechissante de nos melons. Cultiv\u00e9s pour atteindre la perfection sucr\u00e9e, chaque tranche est une explosion de saveurs juteuses et d\u00e9lectables. Symbole de l&#8217;\u00e9t\u00e9 et de la fra\u00eecheur, nos melons sont une exp\u00e9rience gustative incontournable. Offrez-vous un moment de douceur avec nos melons de qualit\u00e9, r\u00e9v\u00e9lateurs du go\u00fbt [&hellip;]<\/p>\n","protected":false},"featured_media":7307,"template":"","meta":{"inline_featured_image":false,"_themeisle_gutenberg_block_has_review":false},"product_cat":[82],"product_tag":[],"class_list":{"0":"post-7259","1":"product","2":"type-product","3":"status-publish","4":"has-post-thumbnail","6":"product_cat-freshio-category","8":"first","9":"instock","10":"shipping-taxable","11":"purchasable","12":"product-type-simple"},"_links":{"self":[{"href":"https:\/\/tafzi.eu\/index.php\/wp-json\/wp\/v2\/product\/7259","targetHints":{"allow":["GET"]}}],"collection":[{"href":"https:\/\/tafzi.eu\/index.php\/wp-json\/wp\/v2\/product"}],"about":[{"href":"https:\/\/tafzi.eu\/index.php\/wp-json\/wp\/v2\/types\/product"}],"wp:featuredmedia":[{"embeddable":true,"href":"https:\/\/tafzi.eu\/index.php\/wp-json\/wp\/v2\/media\/7307"}],"wp:attachment":[{"href":"https:\/\/tafzi.eu\/index.php\/wp-json\/wp\/v2\/media?parent=7259"}],"wp:term":[{"taxonomy":"product_cat","embeddable":true,"href":"https:\/\/tafzi.eu\/index.php\/wp-json\/wp\/v2\/product_cat?post=7259"},{"taxonomy":"product_tag","embeddable":true,"href":"https:\/\/tafzi.eu\/index.php\/wp-json\/wp\/v2\/product_tag?post=7259"}],"curies":[{"name":"wp","href":"https:\/\/api.w.org\/{rel}","templated":true}]}}