{"id":7253,"date":"2024-02-14T11:31:37","date_gmt":"2024-02-14T10:31:37","guid":{"rendered":"https:\/\/tafzi.eu\/?post_type=product&#038;p=7253"},"modified":"2025-12-01T14:46:07","modified_gmt":"2025-12-01T13:46:07","slug":"grenade","status":"publish","type":"product","link":"https:\/\/tafzi.eu\/index.php\/product\/grenade\/","title":{"rendered":"Grenade"},"content":{"rendered":"<p>D\u00e9couvrez la richesse vibrante de notre grenade exquise. Cultiv\u00e9e pour atteindre une m\u00e9lange parfaite de douceur et de saveur acidul\u00e9e, chaque grain offre une explosion de fra\u00eecheur dans chaque bouch\u00e9e. Symbole d&#8217;antioxydants et de bienfaits pour la sant\u00e9, notre grenade ajoute une touche exotique et d\u00e9licieuse \u00e0 vos plats. Plongez dans une exp\u00e9rience gustative unique avec notre grenade de qualit\u00e9 sup\u00e9rieure, une invitation \u00e0 la vitalit\u00e9 et \u00e0 la gourmandise.<\/p>\n","protected":false},"excerpt":{"rendered":"<p>D\u00e9couvrez la richesse vibrante de notre grenade exquise. Cultiv\u00e9e pour atteindre une m\u00e9lange parfaite de douceur et de saveur acidul\u00e9e, chaque grain offre une explosion de fra\u00eecheur dans chaque bouch\u00e9e. Symbole d&#8217;antioxydants et de bienfaits pour la sant\u00e9, notre grenade ajoute une touche exotique et d\u00e9licieuse \u00e0 vos plats. Plongez dans une exp\u00e9rience gustative unique [&hellip;]<\/p>\n","protected":false},"featured_media":7310,"template":"","meta":{"inline_featured_image":false,"_themeisle_gutenberg_block_has_review":false},"product_cat":[82],"product_tag":[],"class_list":{"0":"post-7253","1":"product","2":"type-product","3":"status-publish","4":"has-post-thumbnail","6":"product_cat-freshio-category","8":"first","9":"instock","10":"shipping-taxable","11":"purchasable","12":"product-type-simple"},"_links":{"self":[{"href":"https:\/\/tafzi.eu\/index.php\/wp-json\/wp\/v2\/product\/7253","targetHints":{"allow":["GET"]}}],"collection":[{"href":"https:\/\/tafzi.eu\/index.php\/wp-json\/wp\/v2\/product"}],"about":[{"href":"https:\/\/tafzi.eu\/index.php\/wp-json\/wp\/v2\/types\/product"}],"wp:featuredmedia":[{"embeddable":true,"href":"https:\/\/tafzi.eu\/index.php\/wp-json\/wp\/v2\/media\/7310"}],"wp:attachment":[{"href":"https:\/\/tafzi.eu\/index.php\/wp-json\/wp\/v2\/media?parent=7253"}],"wp:term":[{"taxonomy":"product_cat","embeddable":true,"href":"https:\/\/tafzi.eu\/index.php\/wp-json\/wp\/v2\/product_cat?post=7253"},{"taxonomy":"product_tag","embeddable":true,"href":"https:\/\/tafzi.eu\/index.php\/wp-json\/wp\/v2\/product_tag?post=7253"}],"curies":[{"name":"wp","href":"https:\/\/api.w.org\/{rel}","templated":true}]}}